{"id":45063,"date":"2025-10-16T15:50:24","date_gmt":"2025-10-16T13:50:24","guid":{"rendered":"https:\/\/elastomeri.click.si\/angebot\/zahnscheiben\/"},"modified":"2025-11-28T11:58:43","modified_gmt":"2025-11-28T10:58:43","slug":"stahlrollen","status":"publish","type":"page","link":"https:\/\/elastomeri.click.si\/de\/angebot\/stahlrollen\/","title":{"rendered":"Stahlrollen"},"content":{"rendered":"\t\t<div data-elementor-type=\"wp-page\" data-elementor-id=\"45063\" class=\"elementor elementor-45063 elementor-44249\" data-elementor-post-type=\"page\">\n\t\t\t\t<div class=\"elementor-element elementor-element-ebda8f6 e-flex e-con-boxed e-con e-parent\" data-id=\"ebda8f6\" data-element_type=\"container\">\n\t\t\t\t\t<div class=\"e-con-inner\">\n\t\t\t\t<div class=\"elementor-element elementor-element-f581b90 elementor-widget__width-initial elementor-widget elementor-widget-text-editor\" data-id=\"f581b90\" data-element_type=\"widget\" data-widget_type=\"text-editor.default\">\n\t\t\t\t\t\t\t\t\t<p>Wir bieten die <strong>Herstellung und das Sch\u00e4rfen von Stahlrollen f\u00fcr Holzbearbeitungsmaschinen<\/strong> an, wobei besonderer Wert auf <strong>Pr\u00e4zision, Langlebigkeit und optimale Funktion gelegt wird.<\/strong><\/p>\t\t\t\t\t\t\t\t<\/div>\n\t\t\t\t\t<\/div>\n\t\t\t\t<\/div>\n\t\t<div class=\"elementor-element elementor-element-c81ef8b e-flex e-con-boxed e-con e-parent\" data-id=\"c81ef8b\" data-element_type=\"container\">\n\t\t\t\t\t<div class=\"e-con-inner\">\n\t\t\t\t<div class=\"elementor-element elementor-element-483da58 elementor-widget elementor-widget-heading\" data-id=\"483da58\" data-element_type=\"widget\" data-widget_type=\"heading.default\">\n\t\t\t\t\t<h2 class=\"elementor-heading-title elementor-size-default\">Einkauf neuer Stahlrollen<\/h2>\t\t\t\t<\/div>\n\t\t\t\t<div class=\"elementor-element elementor-element-e4e578f elementor-widget elementor-widget-text-editor\" data-id=\"e4e578f\" data-element_type=\"widget\" data-widget_type=\"text-editor.default\">\n\t\t\t\t\t\t\t\t\t<p>Wir haben verschiedene Arten von <strong>Standard-Stahlrollen <\/strong>auf Lager, die nach Bestellung sofort <strong>versendet werden k\u00f6nnen.<\/strong><\/p><p>Falls die passende Rolle nicht im Standardprogramm enthalten ist, fertigen wir sie nach <strong>Ihrer Zeichnung oder Muster.<\/strong><\/p><p>Unser Team hilft Ihnen bei der Auswahl des richtigen Getriebes und Materials, um sicherzustellen, dass die Rolle optimale Funktionalit\u00e4t und eine lange Lebensdauer erreicht.<\/p><p>Alle Rollen sind aus geh\u00e4rtetem Stahl gefertigt und bei Bedarf verchromt, was <strong>eine au\u00dfergew\u00f6hnliche Widerstandsf\u00e4higkeit<\/strong> und <strong>lange Lebensdauer gew\u00e4hrleistet.<\/strong><\/p><p>Wir bieten <strong>9 verschiedene Zahnprofile<\/strong> an, die die h\u00e4ufigsten Anforderungen in der Praxis abdecken.<\/p>\t\t\t\t\t\t\t\t<\/div>\n\t\t\t\t<div class=\"elementor-element elementor-element-dc95ef1 elementor-widget elementor-widget-heading\" data-id=\"dc95ef1\" data-element_type=\"widget\" data-widget_type=\"heading.default\">\n\t\t\t\t\t<h2 class=\"elementor-heading-title elementor-size-default\">Vorteile neuer Stahlrollen<\/h2>\t\t\t\t<\/div>\n\t\t\t\t<div class=\"elementor-element elementor-element-30de517 elementor-widget elementor-widget-text-editor\" data-id=\"30de517\" data-element_type=\"widget\" data-widget_type=\"text-editor.default\">\n\t\t\t\t\t\t\t\t\t<ul><li>schnelle Lieferung von Standardspulen \u2013 weniger Produktionsverz\u00f6gerungen<\/li><li>Pr\u00e4zise Sonderanfertigung<\/li><li>Lange Lebensdauer \u2013 weniger h\u00e4ufige Austausche und geringere Wartungskosten<\/li><\/ul>\t\t\t\t\t\t\t\t<\/div>\n\t\t\t\t<div class=\"elementor-element elementor-element-735604f elementor-widget elementor-widget-heading\" data-id=\"735604f\" data-element_type=\"widget\" data-widget_type=\"heading.default\">\n\t\t\t\t\t<h2 class=\"elementor-heading-title elementor-size-default\">Sch\u00e4rfen abgenutzter Stahlrollen<\/h2>\t\t\t\t<\/div>\n\t\t\t\t<div class=\"elementor-element elementor-element-105a76c elementor-widget elementor-widget-text-editor\" data-id=\"105a76c\" data-element_type=\"widget\" data-widget_type=\"text-editor.default\">\n\t\t\t\t\t\t\t\t\t<ul><li>Abgenutzte Stahlrollen nachsch\u00e4rfen.<\/li><li>Auf Wunsch haben wir die Stahlrollen nach dem Sch\u00e4rfen verchromt.<\/li><li>Durch das Sch\u00e4rfen wird die Lebensdauer der Rollen verl\u00e4ngert und ein zuverl\u00e4ssiger <strong>Betrieb der Maschine gew\u00e4hrleistet.<\/strong><\/li><\/ul>\t\t\t\t\t\t\t\t<\/div>\n\t\t\t\t<div class=\"elementor-element elementor-element-4abffbb elementor-widget elementor-widget-gallery\" data-id=\"4abffbb\" data-element_type=\"widget\" data-settings=\"{&quot;lazyload&quot;:&quot;yes&quot;,&quot;gallery_layout&quot;:&quot;grid&quot;,&quot;columns&quot;:4,&quot;columns_tablet&quot;:2,&quot;columns_mobile&quot;:1,&quot;gap&quot;:{&quot;unit&quot;:&quot;px&quot;,&quot;size&quot;:10,&quot;sizes&quot;:[]},&quot;gap_tablet&quot;:{&quot;unit&quot;:&quot;px&quot;,&quot;size&quot;:10,&quot;sizes&quot;:[]},&quot;gap_mobile&quot;:{&quot;unit&quot;:&quot;px&quot;,&quot;size&quot;:10,&quot;sizes&quot;:[]},&quot;link_to&quot;:&quot;file&quot;,&quot;aspect_ratio&quot;:&quot;3:2&quot;,&quot;overlay_background&quot;:&quot;yes&quot;,&quot;content_hover_animation&quot;:&quot;fade-in&quot;}\" data-widget_type=\"gallery.default\">\n\t\t\t\t\t\t\t<div class=\"elementor-gallery__container\">\n\t\t\t\t\t\t\t<a class=\"e-gallery-item elementor-gallery-item elementor-animated-content\" href=\"https:\/\/elastomeri.click.si\/wp-content\/uploads\/2025\/10\/Zobati-koluti-1.jpg\" data-elementor-open-lightbox=\"yes\" data-elementor-lightbox-slideshow=\"4abffbb\" data-e-action-hash=\"#elementor-action%3Aaction%3Dlightbox%26settings%3DeyJpZCI6NDUwNDUsInVybCI6Imh0dHBzOlwvXC9lbGFzdG9tZXJpLmNsaWNrLnNpXC93cC1jb250ZW50XC91cGxvYWRzXC8yMDI1XC8xMFwvWm9iYXRpLWtvbHV0aS0xLmpwZyIsInNsaWRlc2hvdyI6IjRhYmZmYmIifQ%3D%3D\">\n\t\t\t\t\t<div class=\"e-gallery-image elementor-gallery-item__image\" data-thumbnail=\"https:\/\/elastomeri.click.si\/wp-content\/uploads\/2025\/10\/Zobati-koluti-1-1024x683.jpg\" data-width=\"800\" data-height=\"534\" aria-label=\"\" role=\"img\" ><\/div>\n\t\t\t\t\t\t\t\t\t\t\t<div class=\"elementor-gallery-item__overlay\"><\/div>\n\t\t\t\t\t\t\t\t\t\t\t\t\t\t<\/a>\n\t\t\t\t\t\t\t<a class=\"e-gallery-item elementor-gallery-item elementor-animated-content\" href=\"https:\/\/elastomeri.click.si\/wp-content\/uploads\/2025\/10\/Zobati-koluti-2.jpg\" data-elementor-open-lightbox=\"yes\" data-elementor-lightbox-slideshow=\"4abffbb\" data-e-action-hash=\"#elementor-action%3Aaction%3Dlightbox%26settings%3DeyJpZCI6NDUwNDYsInVybCI6Imh0dHBzOlwvXC9lbGFzdG9tZXJpLmNsaWNrLnNpXC93cC1jb250ZW50XC91cGxvYWRzXC8yMDI1XC8xMFwvWm9iYXRpLWtvbHV0aS0yLmpwZyIsInNsaWRlc2hvdyI6IjRhYmZmYmIifQ%3D%3D\">\n\t\t\t\t\t<div class=\"e-gallery-image elementor-gallery-item__image\" data-thumbnail=\"https:\/\/elastomeri.click.si\/wp-content\/uploads\/2025\/10\/Zobati-koluti-2-1024x683.jpg\" data-width=\"800\" data-height=\"534\" aria-label=\"\" role=\"img\" ><\/div>\n\t\t\t\t\t\t\t\t\t\t\t<div class=\"elementor-gallery-item__overlay\"><\/div>\n\t\t\t\t\t\t\t\t\t\t\t\t\t\t<\/a>\n\t\t\t\t\t\t\t<a class=\"e-gallery-item elementor-gallery-item elementor-animated-content\" href=\"https:\/\/elastomeri.click.si\/wp-content\/uploads\/2025\/10\/Zobati-koluti-3.jpg\" data-elementor-open-lightbox=\"yes\" data-elementor-lightbox-slideshow=\"4abffbb\" data-e-action-hash=\"#elementor-action%3Aaction%3Dlightbox%26settings%3DeyJpZCI6NDUwNDcsInVybCI6Imh0dHBzOlwvXC9lbGFzdG9tZXJpLmNsaWNrLnNpXC93cC1jb250ZW50XC91cGxvYWRzXC8yMDI1XC8xMFwvWm9iYXRpLWtvbHV0aS0zLmpwZyIsInNsaWRlc2hvdyI6IjRhYmZmYmIifQ%3D%3D\">\n\t\t\t\t\t<div class=\"e-gallery-image elementor-gallery-item__image\" data-thumbnail=\"https:\/\/elastomeri.click.si\/wp-content\/uploads\/2025\/10\/Zobati-koluti-3-1024x1024.jpg\" data-width=\"800\" data-height=\"800\" aria-label=\"\" role=\"img\" ><\/div>\n\t\t\t\t\t\t\t\t\t\t\t<div class=\"elementor-gallery-item__overlay\"><\/div>\n\t\t\t\t\t\t\t\t\t\t\t\t\t\t<\/a>\n\t\t\t\t\t\t\t<a class=\"e-gallery-item elementor-gallery-item elementor-animated-content\" href=\"https:\/\/elastomeri.click.si\/wp-content\/uploads\/2025\/10\/Zobati-koluti-4.jpg\" data-elementor-open-lightbox=\"yes\" data-elementor-lightbox-slideshow=\"4abffbb\" data-e-action-hash=\"#elementor-action%3Aaction%3Dlightbox%26settings%3DeyJpZCI6NDUwNDgsInVybCI6Imh0dHBzOlwvXC9lbGFzdG9tZXJpLmNsaWNrLnNpXC93cC1jb250ZW50XC91cGxvYWRzXC8yMDI1XC8xMFwvWm9iYXRpLWtvbHV0aS00LmpwZyIsInNsaWRlc2hvdyI6IjRhYmZmYmIifQ%3D%3D\">\n\t\t\t\t\t<div class=\"e-gallery-image elementor-gallery-item__image\" data-thumbnail=\"https:\/\/elastomeri.click.si\/wp-content\/uploads\/2025\/10\/Zobati-koluti-4-1024x1024.jpg\" data-width=\"800\" data-height=\"800\" aria-label=\"\" role=\"img\" ><\/div>\n\t\t\t\t\t\t\t\t\t\t\t<div class=\"elementor-gallery-item__overlay\"><\/div>\n\t\t\t\t\t\t\t\t\t\t\t\t\t\t<\/a>\n\t\t\t\t\t\t\t<a class=\"e-gallery-item elementor-gallery-item elementor-animated-content\" href=\"https:\/\/elastomeri.click.si\/wp-content\/uploads\/2025\/10\/Zobati-koluti-5.jpg\" data-elementor-open-lightbox=\"yes\" data-elementor-lightbox-slideshow=\"4abffbb\" data-e-action-hash=\"#elementor-action%3Aaction%3Dlightbox%26settings%3DeyJpZCI6NDUwNDksInVybCI6Imh0dHBzOlwvXC9lbGFzdG9tZXJpLmNsaWNrLnNpXC93cC1jb250ZW50XC91cGxvYWRzXC8yMDI1XC8xMFwvWm9iYXRpLWtvbHV0aS01LmpwZyIsInNsaWRlc2hvdyI6IjRhYmZmYmIifQ%3D%3D\">\n\t\t\t\t\t<div class=\"e-gallery-image elementor-gallery-item__image\" data-thumbnail=\"https:\/\/elastomeri.click.si\/wp-content\/uploads\/2025\/10\/Zobati-koluti-5-1024x1024.jpg\" data-width=\"800\" data-height=\"800\" aria-label=\"\" role=\"img\" ><\/div>\n\t\t\t\t\t\t\t\t\t\t\t<div class=\"elementor-gallery-item__overlay\"><\/div>\n\t\t\t\t\t\t\t\t\t\t\t\t\t\t<\/a>\n\t\t\t\t\t\t\t<a class=\"e-gallery-item elementor-gallery-item elementor-animated-content\" href=\"https:\/\/elastomeri.click.si\/wp-content\/uploads\/2025\/10\/Zobati-koluti-6.jpg\" data-elementor-open-lightbox=\"yes\" data-elementor-lightbox-slideshow=\"4abffbb\" data-e-action-hash=\"#elementor-action%3Aaction%3Dlightbox%26settings%3DeyJpZCI6NDUwNTAsInVybCI6Imh0dHBzOlwvXC9lbGFzdG9tZXJpLmNsaWNrLnNpXC93cC1jb250ZW50XC91cGxvYWRzXC8yMDI1XC8xMFwvWm9iYXRpLWtvbHV0aS02LmpwZyIsInNsaWRlc2hvdyI6IjRhYmZmYmIifQ%3D%3D\">\n\t\t\t\t\t<div class=\"e-gallery-image elementor-gallery-item__image\" data-thumbnail=\"https:\/\/elastomeri.click.si\/wp-content\/uploads\/2025\/10\/Zobati-koluti-6-986x1024.jpg\" data-width=\"800\" data-height=\"831\" aria-label=\"\" role=\"img\" ><\/div>\n\t\t\t\t\t\t\t\t\t\t\t<div class=\"elementor-gallery-item__overlay\"><\/div>\n\t\t\t\t\t\t\t\t\t\t\t\t\t\t<\/a>\n\t\t\t\t\t\t\t<a class=\"e-gallery-item elementor-gallery-item elementor-animated-content\" href=\"https:\/\/elastomeri.click.si\/wp-content\/uploads\/2025\/10\/Zobati-koluti-7.jpg\" data-elementor-open-lightbox=\"yes\" data-elementor-lightbox-slideshow=\"4abffbb\" data-e-action-hash=\"#elementor-action%3Aaction%3Dlightbox%26settings%3DeyJpZCI6NDUwNTEsInVybCI6Imh0dHBzOlwvXC9lbGFzdG9tZXJpLmNsaWNrLnNpXC93cC1jb250ZW50XC91cGxvYWRzXC8yMDI1XC8xMFwvWm9iYXRpLWtvbHV0aS03LmpwZyIsInNsaWRlc2hvdyI6IjRhYmZmYmIifQ%3D%3D\">\n\t\t\t\t\t<div class=\"e-gallery-image elementor-gallery-item__image\" data-thumbnail=\"https:\/\/elastomeri.click.si\/wp-content\/uploads\/2025\/10\/Zobati-koluti-7-1024x1024.jpg\" data-width=\"800\" data-height=\"800\" aria-label=\"\" role=\"img\" ><\/div>\n\t\t\t\t\t\t\t\t\t\t\t<div class=\"elementor-gallery-item__overlay\"><\/div>\n\t\t\t\t\t\t\t\t\t\t\t\t\t\t<\/a>\n\t\t\t\t\t\t\t<a class=\"e-gallery-item elementor-gallery-item elementor-animated-content\" href=\"https:\/\/elastomeri.click.si\/wp-content\/uploads\/2025\/10\/Zobati-koluti-8.jpg\" data-elementor-open-lightbox=\"yes\" data-elementor-lightbox-slideshow=\"4abffbb\" data-e-action-hash=\"#elementor-action%3Aaction%3Dlightbox%26settings%3DeyJpZCI6NDUwNTIsInVybCI6Imh0dHBzOlwvXC9lbGFzdG9tZXJpLmNsaWNrLnNpXC93cC1jb250ZW50XC91cGxvYWRzXC8yMDI1XC8xMFwvWm9iYXRpLWtvbHV0aS04LmpwZyIsInNsaWRlc2hvdyI6IjRhYmZmYmIifQ%3D%3D\">\n\t\t\t\t\t<div class=\"e-gallery-image elementor-gallery-item__image\" data-thumbnail=\"https:\/\/elastomeri.click.si\/wp-content\/uploads\/2025\/10\/Zobati-koluti-8-1024x1024.jpg\" data-width=\"800\" data-height=\"800\" aria-label=\"\" role=\"img\" ><\/div>\n\t\t\t\t\t\t\t\t\t\t\t<div class=\"elementor-gallery-item__overlay\"><\/div>\n\t\t\t\t\t\t\t\t\t\t\t\t\t\t<\/a>\n\t\t\t\t\t\t\t<a class=\"e-gallery-item elementor-gallery-item elementor-animated-content\" href=\"https:\/\/elastomeri.click.si\/wp-content\/uploads\/2025\/10\/Zobati-koluti-9.jpg\" data-elementor-open-lightbox=\"yes\" data-elementor-lightbox-slideshow=\"4abffbb\" data-e-action-hash=\"#elementor-action%3Aaction%3Dlightbox%26settings%3DeyJpZCI6NDUwNTMsInVybCI6Imh0dHBzOlwvXC9lbGFzdG9tZXJpLmNsaWNrLnNpXC93cC1jb250ZW50XC91cGxvYWRzXC8yMDI1XC8xMFwvWm9iYXRpLWtvbHV0aS05LmpwZyIsInNsaWRlc2hvdyI6IjRhYmZmYmIifQ%3D%3D\">\n\t\t\t\t\t<div class=\"e-gallery-image elementor-gallery-item__image\" data-thumbnail=\"https:\/\/elastomeri.click.si\/wp-content\/uploads\/2025\/10\/Zobati-koluti-9-1024x567.jpg\" data-width=\"800\" data-height=\"443\" aria-label=\"\" role=\"img\" ><\/div>\n\t\t\t\t\t\t\t\t\t\t\t<div class=\"elementor-gallery-item__overlay\"><\/div>\n\t\t\t\t\t\t\t\t\t\t\t\t\t\t<\/a>\n\t\t\t\t\t\t\t<a class=\"e-gallery-item elementor-gallery-item elementor-animated-content\" href=\"https:\/\/elastomeri.click.si\/wp-content\/uploads\/2025\/10\/Zobati-koluti-10.jpg\" data-elementor-open-lightbox=\"yes\" data-elementor-lightbox-slideshow=\"4abffbb\" data-e-action-hash=\"#elementor-action%3Aaction%3Dlightbox%26settings%3DeyJpZCI6NDUwNTQsInVybCI6Imh0dHBzOlwvXC9lbGFzdG9tZXJpLmNsaWNrLnNpXC93cC1jb250ZW50XC91cGxvYWRzXC8yMDI1XC8xMFwvWm9iYXRpLWtvbHV0aS0xMC5qcGciLCJzbGlkZXNob3ciOiI0YWJmZmJiIn0%3D\">\n\t\t\t\t\t<div class=\"e-gallery-image elementor-gallery-item__image\" data-thumbnail=\"https:\/\/elastomeri.click.si\/wp-content\/uploads\/2025\/10\/Zobati-koluti-10-1024x818.jpg\" data-width=\"800\" data-height=\"639\" aria-label=\"\" role=\"img\" ><\/div>\n\t\t\t\t\t\t\t\t\t\t\t<div class=\"elementor-gallery-item__overlay\"><\/div>\n\t\t\t\t\t\t\t\t\t\t\t\t\t\t<\/a>\n\t\t\t\t\t\t\t<a class=\"e-gallery-item elementor-gallery-item elementor-animated-content\" href=\"https:\/\/elastomeri.click.si\/wp-content\/uploads\/2025\/10\/Zobati-koluti-11.jpg\" data-elementor-open-lightbox=\"yes\" data-elementor-lightbox-slideshow=\"4abffbb\" data-e-action-hash=\"#elementor-action%3Aaction%3Dlightbox%26settings%3DeyJpZCI6NDUwNTUsInVybCI6Imh0dHBzOlwvXC9lbGFzdG9tZXJpLmNsaWNrLnNpXC93cC1jb250ZW50XC91cGxvYWRzXC8yMDI1XC8xMFwvWm9iYXRpLWtvbHV0aS0xMS5qcGciLCJzbGlkZXNob3ciOiI0YWJmZmJiIn0%3D\">\n\t\t\t\t\t<div class=\"e-gallery-image elementor-gallery-item__image\" data-thumbnail=\"https:\/\/elastomeri.click.si\/wp-content\/uploads\/2025\/10\/Zobati-koluti-11-768x1024.jpg\" data-width=\"768\" data-height=\"1024\" aria-label=\"\" role=\"img\" ><\/div>\n\t\t\t\t\t\t\t\t\t\t\t<div class=\"elementor-gallery-item__overlay\"><\/div>\n\t\t\t\t\t\t\t\t\t\t\t\t\t\t<\/a>\n\t\t\t\t\t\t\t<a class=\"e-gallery-item elementor-gallery-item elementor-animated-content\" href=\"https:\/\/elastomeri.click.si\/wp-content\/uploads\/2025\/10\/Zobati-koluti-12.jpg\" data-elementor-open-lightbox=\"yes\" data-elementor-lightbox-slideshow=\"4abffbb\" data-e-action-hash=\"#elementor-action%3Aaction%3Dlightbox%26settings%3DeyJpZCI6NDUwNTYsInVybCI6Imh0dHBzOlwvXC9lbGFzdG9tZXJpLmNsaWNrLnNpXC93cC1jb250ZW50XC91cGxvYWRzXC8yMDI1XC8xMFwvWm9iYXRpLWtvbHV0aS0xMi5qcGciLCJzbGlkZXNob3ciOiI0YWJmZmJiIn0%3D\">\n\t\t\t\t\t<div class=\"e-gallery-image elementor-gallery-item__image\" data-thumbnail=\"https:\/\/elastomeri.click.si\/wp-content\/uploads\/2025\/10\/Zobati-koluti-12-768x1024.jpg\" data-width=\"768\" data-height=\"1024\" aria-label=\"\" role=\"img\" ><\/div>\n\t\t\t\t\t\t\t\t\t\t\t<div class=\"elementor-gallery-item__overlay\"><\/div>\n\t\t\t\t\t\t\t\t\t\t\t\t\t\t<\/a>\n\t\t\t\t\t\t\t<a class=\"e-gallery-item elementor-gallery-item elementor-animated-content\" href=\"https:\/\/elastomeri.click.si\/wp-content\/uploads\/2025\/10\/Zobati-koluti-13.jpg\" data-elementor-open-lightbox=\"yes\" data-elementor-lightbox-slideshow=\"4abffbb\" data-e-action-hash=\"#elementor-action%3Aaction%3Dlightbox%26settings%3DeyJpZCI6NDUwNTcsInVybCI6Imh0dHBzOlwvXC9lbGFzdG9tZXJpLmNsaWNrLnNpXC93cC1jb250ZW50XC91cGxvYWRzXC8yMDI1XC8xMFwvWm9iYXRpLWtvbHV0aS0xMy5qcGciLCJzbGlkZXNob3ciOiI0YWJmZmJiIn0%3D\">\n\t\t\t\t\t<div class=\"e-gallery-image elementor-gallery-item__image\" data-thumbnail=\"https:\/\/elastomeri.click.si\/wp-content\/uploads\/2025\/10\/Zobati-koluti-13-768x1024.jpg\" data-width=\"768\" data-height=\"1024\" aria-label=\"\" role=\"img\" ><\/div>\n\t\t\t\t\t\t\t\t\t\t\t<div class=\"elementor-gallery-item__overlay\"><\/div>\n\t\t\t\t\t\t\t\t\t\t\t\t\t\t<\/a>\n\t\t\t\t\t\t\t<a class=\"e-gallery-item elementor-gallery-item elementor-animated-content\" href=\"https:\/\/elastomeri.click.si\/wp-content\/uploads\/2025\/10\/Zobati-koluti-14.jpg\" data-elementor-open-lightbox=\"yes\" data-elementor-lightbox-slideshow=\"4abffbb\" data-e-action-hash=\"#elementor-action%3Aaction%3Dlightbox%26settings%3DeyJpZCI6NDUwNTgsInVybCI6Imh0dHBzOlwvXC9lbGFzdG9tZXJpLmNsaWNrLnNpXC93cC1jb250ZW50XC91cGxvYWRzXC8yMDI1XC8xMFwvWm9iYXRpLWtvbHV0aS0xNC5qcGciLCJzbGlkZXNob3ciOiI0YWJmZmJiIn0%3D\">\n\t\t\t\t\t<div class=\"e-gallery-image elementor-gallery-item__image\" data-thumbnail=\"https:\/\/elastomeri.click.si\/wp-content\/uploads\/2025\/10\/Zobati-koluti-14-1007x1024.jpg\" data-width=\"800\" data-height=\"814\" aria-label=\"\" role=\"img\" ><\/div>\n\t\t\t\t\t\t\t\t\t\t\t<div class=\"elementor-gallery-item__overlay\"><\/div>\n\t\t\t\t\t\t\t\t\t\t\t\t\t\t<\/a>\n\t\t\t\t\t\t\t<a class=\"e-gallery-item elementor-gallery-item elementor-animated-content\" href=\"https:\/\/elastomeri.click.si\/wp-content\/uploads\/2025\/10\/Zobati-koluti-15.jpg\" data-elementor-open-lightbox=\"yes\" data-elementor-lightbox-slideshow=\"4abffbb\" data-e-action-hash=\"#elementor-action%3Aaction%3Dlightbox%26settings%3DeyJpZCI6NDUwNTksInVybCI6Imh0dHBzOlwvXC9lbGFzdG9tZXJpLmNsaWNrLnNpXC93cC1jb250ZW50XC91cGxvYWRzXC8yMDI1XC8xMFwvWm9iYXRpLWtvbHV0aS0xNS5qcGciLCJzbGlkZXNob3ciOiI0YWJmZmJiIn0%3D\">\n\t\t\t\t\t<div class=\"e-gallery-image elementor-gallery-item__image\" data-thumbnail=\"https:\/\/elastomeri.click.si\/wp-content\/uploads\/2025\/10\/Zobati-koluti-15-768x1024.jpg\" data-width=\"768\" data-height=\"1024\" aria-label=\"\" role=\"img\" ><\/div>\n\t\t\t\t\t\t\t\t\t\t\t<div class=\"elementor-gallery-item__overlay\"><\/div>\n\t\t\t\t\t\t\t\t\t\t\t\t\t\t<\/a>\n\t\t\t\t\t\t\t<a class=\"e-gallery-item elementor-gallery-item elementor-animated-content\" href=\"https:\/\/elastomeri.click.si\/wp-content\/uploads\/2025\/10\/Zobati-koluti-16.jpg\" data-elementor-open-lightbox=\"yes\" data-elementor-lightbox-slideshow=\"4abffbb\" data-e-action-hash=\"#elementor-action%3Aaction%3Dlightbox%26settings%3DeyJpZCI6NDUwNjAsInVybCI6Imh0dHBzOlwvXC9lbGFzdG9tZXJpLmNsaWNrLnNpXC93cC1jb250ZW50XC91cGxvYWRzXC8yMDI1XC8xMFwvWm9iYXRpLWtvbHV0aS0xNi5qcGciLCJzbGlkZXNob3ciOiI0YWJmZmJiIn0%3D\">\n\t\t\t\t\t<div class=\"e-gallery-image elementor-gallery-item__image\" data-thumbnail=\"https:\/\/elastomeri.click.si\/wp-content\/uploads\/2025\/10\/Zobati-koluti-16-1024x768.jpg\" data-width=\"800\" data-height=\"600\" aria-label=\"\" role=\"img\" ><\/div>\n\t\t\t\t\t\t\t\t\t\t\t<div class=\"elementor-gallery-item__overlay\"><\/div>\n\t\t\t\t\t\t\t\t\t\t\t\t\t\t<\/a>\n\t\t\t\t\t\t\t<a class=\"e-gallery-item elementor-gallery-item elementor-animated-content\" href=\"https:\/\/elastomeri.click.si\/wp-content\/uploads\/2025\/10\/Zobati-koluti-17.jpg\" data-elementor-open-lightbox=\"yes\" data-elementor-lightbox-slideshow=\"4abffbb\" data-e-action-hash=\"#elementor-action%3Aaction%3Dlightbox%26settings%3DeyJpZCI6NDUwNjEsInVybCI6Imh0dHBzOlwvXC9lbGFzdG9tZXJpLmNsaWNrLnNpXC93cC1jb250ZW50XC91cGxvYWRzXC8yMDI1XC8xMFwvWm9iYXRpLWtvbHV0aS0xNy5qcGciLCJzbGlkZXNob3ciOiI0YWJmZmJiIn0%3D\">\n\t\t\t\t\t<div class=\"e-gallery-image elementor-gallery-item__image\" data-thumbnail=\"https:\/\/elastomeri.click.si\/wp-content\/uploads\/2025\/10\/Zobati-koluti-17-768x1024.jpg\" data-width=\"768\" data-height=\"1024\" aria-label=\"\" role=\"img\" ><\/div>\n\t\t\t\t\t\t\t\t\t\t\t<div class=\"elementor-gallery-item__overlay\"><\/div>\n\t\t\t\t\t\t\t\t\t\t\t\t\t\t<\/a>\n\t\t\t\t\t\t\t<a class=\"e-gallery-item elementor-gallery-item elementor-animated-content\" href=\"https:\/\/elastomeri.click.si\/wp-content\/uploads\/2025\/10\/Zobati-koluti-18.jpg\" data-elementor-open-lightbox=\"yes\" data-elementor-lightbox-slideshow=\"4abffbb\" data-e-action-hash=\"#elementor-action%3Aaction%3Dlightbox%26settings%3DeyJpZCI6NDUwNjIsInVybCI6Imh0dHBzOlwvXC9lbGFzdG9tZXJpLmNsaWNrLnNpXC93cC1jb250ZW50XC91cGxvYWRzXC8yMDI1XC8xMFwvWm9iYXRpLWtvbHV0aS0xOC5qcGciLCJzbGlkZXNob3ciOiI0YWJmZmJiIn0%3D\">\n\t\t\t\t\t<div class=\"e-gallery-image elementor-gallery-item__image\" data-thumbnail=\"https:\/\/elastomeri.click.si\/wp-content\/uploads\/2025\/10\/Zobati-koluti-18-768x1024.jpg\" data-width=\"768\" data-height=\"1024\" aria-label=\"\" role=\"img\" ><\/div>\n\t\t\t\t\t\t\t\t\t\t\t<div class=\"elementor-gallery-item__overlay\"><\/div>\n\t\t\t\t\t\t\t\t\t\t\t\t\t\t<\/a>\n\t\t\t\t\t<\/div>\n\t\t\t\t\t<\/div>\n\t\t\t\t\t<\/div>\n\t\t\t\t<\/div>\n\t\t\t\t<\/div>\n\t\t","protected":false},"excerpt":{"rendered":"<p>Wir bieten die Herstellung und das Sch\u00e4rfen von Stahlrollen f\u00fcr Holzbearbeitungsmaschinen an, wobei besonderer Wert auf Pr\u00e4zision, Langlebigkeit und optimale Funktion gelegt wird. Einkauf neuer Stahlrollen Wir haben verschiedene Arten von Standard-Stahlrollen auf Lager, die nach Bestellung sofort versendet werden k\u00f6nnen. Falls die passende Rolle nicht im Standardprogramm enthalten ist, fertigen wir sie nach Ihrer [&hellip;]<\/p>\n","protected":false},"author":1,"featured_media":0,"parent":44955,"menu_order":0,"comment_status":"closed","ping_status":"closed","template":"","meta":{"_acf_changed":false,"inline_featured_image":false,"_monsterinsights_skip_tracking":false,"_monsterinsights_sitenote_active":false,"_monsterinsights_sitenote_note":"","_monsterinsights_sitenote_category":0,"footnotes":""},"class_list":["post-45063","page","type-page","status-publish","hentry"],"acf":[],"aioseo_notices":[],"_links":{"self":[{"href":"https:\/\/elastomeri.click.si\/de\/wp-json\/wp\/v2\/pages\/45063","targetHints":{"allow":["GET"]}}],"collection":[{"href":"https:\/\/elastomeri.click.si\/de\/wp-json\/wp\/v2\/pages"}],"about":[{"href":"https:\/\/elastomeri.click.si\/de\/wp-json\/wp\/v2\/types\/page"}],"author":[{"embeddable":true,"href":"https:\/\/elastomeri.click.si\/de\/wp-json\/wp\/v2\/users\/1"}],"replies":[{"embeddable":true,"href":"https:\/\/elastomeri.click.si\/de\/wp-json\/wp\/v2\/comments?post=45063"}],"version-history":[{"count":7,"href":"https:\/\/elastomeri.click.si\/de\/wp-json\/wp\/v2\/pages\/45063\/revisions"}],"predecessor-version":[{"id":45827,"href":"https:\/\/elastomeri.click.si\/de\/wp-json\/wp\/v2\/pages\/45063\/revisions\/45827"}],"up":[{"embeddable":true,"href":"https:\/\/elastomeri.click.si\/de\/wp-json\/wp\/v2\/pages\/44955"}],"wp:attachment":[{"href":"https:\/\/elastomeri.click.si\/de\/wp-json\/wp\/v2\/media?parent=45063"}],"curies":[{"name":"wp","href":"https:\/\/api.w.org\/{rel}","templated":true}]}}