{"id":45071,"date":"2025-09-28T21:44:26","date_gmt":"2025-09-28T19:44:26","guid":{"rendered":"https:\/\/elastomeri.click.si\/warenrueckgabe\/"},"modified":"2026-01-15T09:51:40","modified_gmt":"2026-01-15T08:51:40","slug":"warenrueckgabe","status":"publish","type":"page","link":"https:\/\/elastomeri.click.si\/de\/warenrueckgabe\/","title":{"rendered":"Warenr\u00fcckgabe"},"content":{"rendered":"\t\t<div data-elementor-type=\"wp-page\" data-elementor-id=\"45071\" class=\"elementor elementor-45071 elementor-44040\" data-elementor-post-type=\"page\">\n\t\t\t\t<div class=\"elementor-element elementor-element-3a63ffd5 e-flex e-con-boxed e-con e-parent\" data-id=\"3a63ffd5\" data-element_type=\"container\">\n\t\t\t\t\t<div class=\"e-con-inner\">\n\t\t\t\t<div class=\"elementor-element elementor-element-6a9089e7 elementor-widget elementor-widget-heading\" data-id=\"6a9089e7\" data-element_type=\"widget\" data-widget_type=\"heading.default\">\n\t\t\t\t\t<h1 class=\"elementor-heading-title elementor-size-default\">Warenr\u00fcckgabe<\/h1>\t\t\t\t<\/div>\n\t\t\t\t<div class=\"elementor-element elementor-element-15838f47 elementor-widget elementor-widget-text-editor\" data-id=\"15838f47\" data-element_type=\"widget\" data-widget_type=\"text-editor.default\">\n\t\t\t\t\t\t\t\t\t<p>Bei Vertr\u00e4gen, die \u00fcber den Online-Shop abgeschlossen wurden, hat der K\u00e4ufer das Recht, ELASTOMERI d.o.o. innerhalb von 14 Tagen \u00fcber seinen Widerruf zu informieren (ohne Angabe von Gr\u00fcnden). <\/p><p>Der K\u00e4ufer hat kein Recht, von Vertr\u00e4gen \u00fcber Waren zur\u00fcckzutreten:<\/p><ul><li>die gem\u00e4\u00df den genauen Anweisungen des Verbrauchers (auf seine pers\u00f6nlichen Bed\u00fcrfnisse zugeschnitten) hergestellt wurde,<\/li><li>die aufgrund ihrer Beschaffenheit nicht zur R\u00fccksendung geeignet ist,<\/li><li>die sichtbare Gebrauchs- oder Montagespuren aufweist,<\/li><li>die untrennbar zur\u00fcckgegeben und mit anderen Objekten vermischt wird.<\/li><\/ul><p><br>Hat der K\u00e4ufer die Ware bereits erhalten und tritt er vom Vertrag zur\u00fcck, muss die Ware innerhalb von 14 Tagen nach Eingang der Widerrufserkl\u00e4rung unbesch\u00e4digt und in der gleichen Menge an das Unternehmen zur\u00fcckgesandt werden. Der K\u00e4ufer sollte die Ware in der unbesch\u00e4digten Originalverpackung zur\u00fccksenden, um eine Minderung der R\u00fcckerstattung zu vermeiden. Der R\u00fccksendung ist eine Kopie der Originalrechnung sowie alle weiteren relevanten Dokumente beizuf\u00fcgen. Die Produktverpackung muss unbesch\u00e4digt sein.   <\/p><p>Der K\u00e4ufer haftet f\u00fcr einen etwaigen Wertverlust des Produkts, wenn dieser auf ein Verhalten zur\u00fcckzuf\u00fchren ist, das nicht unbedingt notwendig war, um die Art, die Eigenschaften und die Funktionsweise der Ware festzustellen.<\/p><p>ELASTOMERI d.o.o. erstattet die Zahlungen sp\u00e4testens 14 Tage nach Eingang des Widerrufs. Das Unternehmen beh\u00e4lt sich das Recht vor, die R\u00fcckerstattung bis zum Eingang der Ware oder bis zum Nachweis der R\u00fccksendung zur\u00fcckzuhalten. Die R\u00fcckerstattung erfolgt \u00fcber dieselbe Zahlungsmethode, die der K\u00e4ufer beim Kauf verwendet hat, es sei denn, der K\u00e4ufer w\u00fcnscht ausdr\u00fccklich eine andere Zahlungsmethode.  <\/p><p>Die Frist f\u00fcr die Aus\u00fcbung des Widerrufsrechts beginnt bei der Lieferung von Waren mit dem Tag der Annahme der Ware durch den K\u00e4ufer und bei der Erbringung von Dienstleistungen mit dem Tag des Vertragsabschlusses bzw. mit dem Tag der Erbringung der Dienstleistung durch das Unternehmen.<\/p><p>Der K\u00e4ufer kann vom Vertrag zur\u00fccktreten, indem er eine eindeutige Widerrufserkl\u00e4rung per E-Mail an <a href=\"mailto:info@elastomeri.si\"><span style=\"text-decoration: underline;\">info@elastomeri.si<\/span><\/a> sendet. Die Widerrufserkl\u00e4rung gilt als fristgerecht abgegeben, wenn sie innerhalb der f\u00fcr den Widerruf des Vertrags festgelegten Frist erfolgt.<\/p><p><strong>Adresse f\u00fcr R\u00fccksendungen per Post:<\/strong><br>Elastomeri d.o.o. Celje<br>Be\u017eigrajska cesta 4<br>3000 Celje<\/p>\t\t\t\t\t\t\t\t<\/div>\n\t\t\t\t\t<\/div>\n\t\t\t\t<\/div>\n\t\t\t\t<\/div>\n\t\t","protected":false},"excerpt":{"rendered":"<p>Warenr\u00fcckgabe Bei Vertr\u00e4gen, die \u00fcber den Online-Shop abgeschlossen wurden, hat der K\u00e4ufer das Recht, ELASTOMERI d.o.o. innerhalb von 14 Tagen \u00fcber seinen Widerruf zu informieren (ohne Angabe von Gr\u00fcnden). Der K\u00e4ufer hat kein Recht, von Vertr\u00e4gen \u00fcber Waren zur\u00fcckzutreten: die gem\u00e4\u00df den genauen Anweisungen des Verbrauchers (auf seine pers\u00f6nlichen Bed\u00fcrfnisse zugeschnitten) hergestellt wurde, die aufgrund [&hellip;]<\/p>\n","protected":false},"author":3,"featured_media":0,"parent":0,"menu_order":0,"comment_status":"closed","ping_status":"closed","template":"","meta":{"_acf_changed":false,"inline_featured_image":false,"_monsterinsights_skip_tracking":false,"_monsterinsights_sitenote_active":false,"_monsterinsights_sitenote_note":"","_monsterinsights_sitenote_category":0,"footnotes":""},"class_list":["post-45071","page","type-page","status-publish","hentry"],"acf":[],"aioseo_notices":[],"_links":{"self":[{"href":"https:\/\/elastomeri.click.si\/de\/wp-json\/wp\/v2\/pages\/45071","targetHints":{"allow":["GET"]}}],"collection":[{"href":"https:\/\/elastomeri.click.si\/de\/wp-json\/wp\/v2\/pages"}],"about":[{"href":"https:\/\/elastomeri.click.si\/de\/wp-json\/wp\/v2\/types\/page"}],"author":[{"embeddable":true,"href":"https:\/\/elastomeri.click.si\/de\/wp-json\/wp\/v2\/users\/3"}],"replies":[{"embeddable":true,"href":"https:\/\/elastomeri.click.si\/de\/wp-json\/wp\/v2\/comments?post=45071"}],"version-history":[{"count":3,"href":"https:\/\/elastomeri.click.si\/de\/wp-json\/wp\/v2\/pages\/45071\/revisions"}],"predecessor-version":[{"id":46283,"href":"https:\/\/elastomeri.click.si\/de\/wp-json\/wp\/v2\/pages\/45071\/revisions\/46283"}],"wp:attachment":[{"href":"https:\/\/elastomeri.click.si\/de\/wp-json\/wp\/v2\/media?parent=45071"}],"curies":[{"name":"wp","href":"https:\/\/api.w.org\/{rel}","templated":true}]}}